{"id":738,"date":"2021-12-22T05:39:25","date_gmt":"2021-12-22T05:39:25","guid":{"rendered":"https:\/\/joinenjoy.net\/de\/?page_id=738"},"modified":"2021-12-22T05:58:10","modified_gmt":"2021-12-22T05:58:10","slug":"impressum","status":"publish","type":"page","link":"https:\/\/joinenjoy.net\/de\/impressum\/","title":{"rendered":"impressum"},"content":{"rendered":"\n<div style=\"height:50px\" aria-hidden=\"true\" class=\"wp-block-spacer\"><\/div>\n\n\n\n<p>Soziales Netzwerk f\u00fcr Gesundheit und Wellness.<\/p>\n\n\n\n<p>Soziales Netzwerk hei\u00dft f\u00fcr uns nicht nur zu Hause vor dem Computer zu sitzen, um den neuesten Status und die neuesten Anzeigen zu posten.<\/p>\n\n\n\n<p>In unserem Online-Portal m\u00f6chten wir n\u00fctzliche Informationen zu verschiedenen Themen rund um pers\u00f6nliche Fitness und Wellness teilen.<\/p>\n\n\n\n<p>joinenjoy.net<\/p>\n\n\n\n<p>Inhaber: Thomas Kasal<\/p>\n\n\n\n<p>Spielhagenstr. 13, 10585 Berlin, Deutschland<\/p>\n\n\n\n<p>info@joinenjoy.net<\/p>\n","protected":false},"excerpt":{"rendered":"<div class=\"container\">\n<div class=\"row banner-title\">\n<div class=\"col-12 col-md-12 col-lg-12 col-xl-12\">\n<h3 class=\"featured-banner-head\">Impressum <\/h3>\n<\/p><\/div>\n<\/p><\/div>\n<\/div>\n","protected":false},"author":1,"featured_media":276,"parent":0,"menu_order":0,"comment_status":"closed","ping_status":"closed","template":"","meta":{"footnotes":""},"class_list":["post-738","page","type-page","status-publish","has-post-thumbnail","hentry"],"_links":{"self":[{"href":"https:\/\/joinenjoy.net\/de\/wp-json\/wp\/v2\/pages\/738","targetHints":{"allow":["GET"]}}],"collection":[{"href":"https:\/\/joinenjoy.net\/de\/wp-json\/wp\/v2\/pages"}],"about":[{"href":"https:\/\/joinenjoy.net\/de\/wp-json\/wp\/v2\/types\/page"}],"author":[{"embeddable":true,"href":"https:\/\/joinenjoy.net\/de\/wp-json\/wp\/v2\/users\/1"}],"replies":[{"embeddable":true,"href":"https:\/\/joinenjoy.net\/de\/wp-json\/wp\/v2\/comments?post=738"}],"version-history":[{"count":3,"href":"https:\/\/joinenjoy.net\/de\/wp-json\/wp\/v2\/pages\/738\/revisions"}],"predecessor-version":[{"id":741,"href":"https:\/\/joinenjoy.net\/de\/wp-json\/wp\/v2\/pages\/738\/revisions\/741"}],"wp:featuredmedia":[{"embeddable":true,"href":"https:\/\/joinenjoy.net\/de\/wp-json\/wp\/v2\/media\/276"}],"wp:attachment":[{"href":"https:\/\/joinenjoy.net\/de\/wp-json\/wp\/v2\/media?parent=738"}],"curies":[{"name":"wp","href":"https:\/\/api.w.org\/{rel}","templated":true}]}}