{"id":7,"date":"2021-11-12T10:43:59","date_gmt":"2021-11-12T10:43:59","guid":{"rendered":"https:\/\/joinenjoy.net\/de\/?page_id=7"},"modified":"2022-01-13T07:46:09","modified_gmt":"2022-01-13T07:46:09","slug":"uber-us","status":"publish","type":"page","link":"https:\/\/joinenjoy.net\/de\/uber-us\/","title":{"rendered":"\u00dcBER Uns"},"content":{"rendered":"\n<div id=\"premium\"><\/div>\n\n\n\n<div class=\"wp-block-columns about-section-content is-layout-flex wp-container-core-columns-is-layout-9d6595d7 wp-block-columns-is-layout-flex\">\n<div class=\"wp-block-column is-vertically-aligned-center is-layout-flow wp-block-column-is-layout-flow\">\n<h2 class=\"wp-block-heading\">Premium<\/h2>\n\n\n\n<p>JOINENJOY veranstaltet seit 3 Jahren 3 bis 7 SPORTKURSE PRO WOCHE in Berlin. Die Kurse werden von lizenzierten Trainern durchgef\u00fchrt und sind f\u00fcr Mitglieder kostenfrei. Mit unserem kostenfreien Angeboten m\u00f6chten wir Euch zu regelm\u00e4\u00dfiger Bewegung animieren und so helfen Euer Immunsystem zu st\u00e4rken. Bei unseren Kursen triffst du immer auf neue Freunde.<\/p>\n\n\n\n<p><strong>UNSERE KOSTENFREIEN KURSE SIND EINZIGARTIG IN BERLIN!<\/strong><\/p>\n\n\n\n<p>Eine Registrierung als PREMIUM Mitglied ist kostenfrei und Du kannst Dein Profil jederzeit selbst\u00e4ndig l\u00f6schen. So bekommst Du Zugang zu gratis Sportkursen, zu Online Kursvideos, wertvolle Informationen zu Gesundheit, Ern\u00e4hrung und Sport und kannst Dich mit anderen in unserem sozialen Netzwerk austauschen, per Email, Chat oder \u00fcber Kommentare.<\/p>\n\n\n\n<p><strong>UNSERE BISHERIGEN KURSANGEBOTE: BOGENSCHIESSEN, LAUFEN, STAND UP PADDELING, TAI CHI, YOGA, ZIRKELTRAINING<\/strong><\/p>\n\n\n\n<div class=\"wp-block-buttons is-layout-flex wp-block-buttons-is-layout-flex\">\n<div class=\"wp-block-button\"><a class=\"wp-block-button__link no-border-radius\" href=\"\/de\/social\/Registration_premium\">Registrierung f\u00fcr Premium<\/a><\/div>\n<\/div>\n<\/div>\n\n\n\n<div class=\"wp-block-column is-layout-flow wp-block-column-is-layout-flow\">\n<figure class=\"wp-block-image size-full\"><img loading=\"lazy\" decoding=\"async\" width=\"567\" height=\"466\" src=\"https:\/\/joinenjoy.net\/de\/wp-content\/uploads\/2021\/11\/about-img.jpg\" alt=\"\" class=\"wp-image-216\" srcset=\"https:\/\/joinenjoy.net\/de\/wp-content\/uploads\/2021\/11\/about-img.jpg 567w, https:\/\/joinenjoy.net\/de\/wp-content\/uploads\/2021\/11\/about-img-300x247.jpg 300w\" sizes=\"auto, (max-width: 567px) 100vw, 567px\" \/><\/figure>\n<\/div>\n<\/div>\n\n\n\n<div id=\"trainer\"><\/div>\n\n\n\n<div class=\"wp-block-columns about-section-content is-layout-flex wp-container-core-columns-is-layout-9d6595d7 wp-block-columns-is-layout-flex\">\n<div class=\"wp-block-column is-layout-flow wp-block-column-is-layout-flow\">\n<figure class=\"wp-block-image size-full\"><img loading=\"lazy\" decoding=\"async\" width=\"567\" height=\"466\" src=\"https:\/\/joinenjoy.net\/de\/wp-content\/uploads\/2021\/12\/trainer-img-page.jpg\" alt=\"\" class=\"wp-image-726\" srcset=\"https:\/\/joinenjoy.net\/de\/wp-content\/uploads\/2021\/12\/trainer-img-page.jpg 567w, https:\/\/joinenjoy.net\/de\/wp-content\/uploads\/2021\/12\/trainer-img-page-300x247.jpg 300w\" sizes=\"auto, (max-width: 567px) 100vw, 567px\" \/><\/figure>\n\n\n\n<p><\/p>\n<\/div>\n\n\n\n<div class=\"wp-block-column is-vertically-aligned-center is-layout-flow wp-block-column-is-layout-flow\">\n<h2 class=\"wp-block-heading\">Trainer<\/h2>\n\n\n\n<p>In nur 5 Minuten kannst du Deine eigene Werbeseite erstellen. Finde neue Freunde und erreiche Kunden \u00fcber die automatisierte Veranstaltung von Kursen. Die Bezahlung Eurer Kurse erfolgt \u00fcber die Webseite, geb\u00fchrenfrei!<\/p>\n\n\n\n<p><strong>DU HAST KEINE KOSTEN UND KANNST DEIN PROFIL JEDERZEIT L\u00d6SCHEN!<\/strong><\/p>\n\n\n\n<p>Du kannst mit eigener Mailbox, \u00fcber Chat, Kommentare und Postings mit anderen in Kontakt treten.<\/p>\n\n\n\n<div class=\"wp-block-buttons is-layout-flex wp-block-buttons-is-layout-flex\">\n<div class=\"wp-block-button\"><a class=\"wp-block-button__link no-border-radius\" href=\"\/de\/social\/Registration_trainer\">Registrierung f\u00fcr Trainer<\/a><\/div>\n<\/div>\n<\/div>\n<\/div>\n\n\n\n<div id=\"company\"><\/div>\n\n\n\n<div class=\"wp-block-columns about-section-content is-layout-flex wp-container-core-columns-is-layout-9d6595d7 wp-block-columns-is-layout-flex\">\n<div class=\"wp-block-column is-vertically-aligned-center is-layout-flow wp-block-column-is-layout-flow\">\n<h2 class=\"wp-block-heading\">Company<\/h2>\n\n\n\n<p>In nur 5 Minuten kannst du Deine eigene Werbeseite erstellen. Du kannst Deine Trainingsfl\u00e4chen und Sportpl\u00e4tze \u00fcber einen Kalender online buchen lassen. Die Bezahlung wird automatisiert von Kunden \u00fcber die Webseite abgewickelt, geb\u00fchrenfrei! Finde neue Kunden mit einem eigenen Postfach und einer Chatfunktion. Verst\u00e4rkt Euer Team, sucht und findet neue Profis \u00fcber die Jobb\u00f6rse.<\/p>\n\n\n\n<p><strong>SIE HABEN KEINE KOSTEN UND K\u00d6NNEN IHR PROFIL JEDERZEIT L\u00d6SCHEN!<\/strong><\/p>\n\n\n\n<div class=\"wp-block-buttons is-layout-flex wp-block-buttons-is-layout-flex\">\n<div class=\"wp-block-button\"><a class=\"wp-block-button__link no-border-radius\" href=\"\/de\/social\/Registration_company\">Registrierung f\u00fcr Company<\/a><\/div>\n<\/div>\n<\/div>\n\n\n\n<div class=\"wp-block-column is-layout-flow wp-block-column-is-layout-flow\">\n<figure class=\"wp-block-image size-full\"><img loading=\"lazy\" decoding=\"async\" width=\"567\" height=\"466\" src=\"https:\/\/joinenjoy.net\/de\/wp-content\/uploads\/2021\/11\/company-img-1.jpg\" alt=\"\" class=\"wp-image-248\" srcset=\"https:\/\/joinenjoy.net\/de\/wp-content\/uploads\/2021\/11\/company-img-1.jpg 567w, https:\/\/joinenjoy.net\/de\/wp-content\/uploads\/2021\/11\/company-img-1-300x247.jpg 300w\" sizes=\"auto, (max-width: 567px) 100vw, 567px\" \/><\/figure>\n<\/div>\n<\/div>\n","protected":false},"excerpt":{"rendered":"<div class=\"container\">\n<div class=\"row banner-title\">\n<div class=\"col-12 col-md-12 col-lg-12 col-xl-12\">\n<h3 class=\"featured-banner-head\"><span>\u00dcber<\/span> Uns<\/h3>\n<\/p><\/div>\n<\/p><\/div>\n<\/div>\n","protected":false},"author":1,"featured_media":167,"parent":0,"menu_order":0,"comment_status":"closed","ping_status":"closed","template":"about.php","meta":{"footnotes":""},"class_list":["post-7","page","type-page","status-publish","has-post-thumbnail","hentry"],"_links":{"self":[{"href":"https:\/\/joinenjoy.net\/de\/wp-json\/wp\/v2\/pages\/7","targetHints":{"allow":["GET"]}}],"collection":[{"href":"https:\/\/joinenjoy.net\/de\/wp-json\/wp\/v2\/pages"}],"about":[{"href":"https:\/\/joinenjoy.net\/de\/wp-json\/wp\/v2\/types\/page"}],"author":[{"embeddable":true,"href":"https:\/\/joinenjoy.net\/de\/wp-json\/wp\/v2\/users\/1"}],"replies":[{"embeddable":true,"href":"https:\/\/joinenjoy.net\/de\/wp-json\/wp\/v2\/comments?post=7"}],"version-history":[{"count":40,"href":"https:\/\/joinenjoy.net\/de\/wp-json\/wp\/v2\/pages\/7\/revisions"}],"predecessor-version":[{"id":750,"href":"https:\/\/joinenjoy.net\/de\/wp-json\/wp\/v2\/pages\/7\/revisions\/750"}],"wp:featuredmedia":[{"embeddable":true,"href":"https:\/\/joinenjoy.net\/de\/wp-json\/wp\/v2\/media\/167"}],"wp:attachment":[{"href":"https:\/\/joinenjoy.net\/de\/wp-json\/wp\/v2\/media?parent=7"}],"curies":[{"name":"wp","href":"https:\/\/api.w.org\/{rel}","templated":true}]}}