{"id":5,"date":"2021-11-12T10:05:56","date_gmt":"2021-11-12T10:05:56","guid":{"rendered":"https:\/\/joinenjoy.net\/de\/?page_id=5"},"modified":"2021-12-16T06:31:03","modified_gmt":"2021-12-16T06:31:03","slug":"start","status":"publish","type":"page","link":"https:\/\/joinenjoy.net\/de\/","title":{"rendered":"START"},"content":{"rendered":"\n<div class=\"wp-block-columns membership-container is-layout-flex wp-container-core-columns-is-layout-9d6595d7 wp-block-columns-is-layout-flex\">\n<div class=\"wp-block-column membership-content is-layout-flow wp-block-column-is-layout-flow\">\n<h3 class=\"membership-head wp-block-heading\">Premium<\/h3>\n\n\n\n<p>Benefits:<\/p>\n\n\n\n<ul class=\"wp-block-list\"><li>Gratis Sportveranstaltungen und Kurse von Profis<\/li><li>Erstelle Dein eigenes Profil und finde Gleichgesinnte<\/li><li>Professionelle Videos von Workouts<\/li><li>Teile Deine Lieblings-Workouts<\/li><li>Ein eigenesPostfach gratis<\/li><li>Finde Sportpartner<\/li><li>Buche Trainingsfl\u00e4chen, Trainingspl\u00e4tzeoder Trainer<\/li><\/ul>\n\n\n\n<div class=\"wp-block-buttons membership-btn is-layout-flex wp-block-buttons-is-layout-flex\">\n<div class=\"wp-block-button is-style-fill\"><a class=\"wp-block-button__link no-border-radius\" href=\"\/de\/social\/Registration_premium\">Registrieren!<\/a><\/div>\n<\/div>\n<\/div>\n\n\n\n<div class=\"wp-block-column membership-content is-layout-flow wp-block-column-is-layout-flow\">\n<h3 class=\"membership-head wp-block-heading\">Trainer<\/h3>\n\n\n\n<p>Benefits:<\/p>\n\n\n\n<ul class=\"wp-block-list\"><li>Kontaktiere Profis<\/li><li>Veranstalte Sportkurse<\/li><li>Ein eigenes Postfach gratis<\/li><li>BucheTrainingsfl\u00e4chen, Trainingspl\u00e4tzeoder Trainer<\/li><\/ul>\n\n\n\n<div class=\"wp-block-buttons membership-btn is-layout-flex wp-block-buttons-is-layout-flex\">\n<div class=\"wp-block-button is-style-fill\"><a class=\"wp-block-button__link no-border-radius\" href=\"\/de\/social\/Registration_trainer\">Registrieren!<\/a><\/div>\n<\/div>\n<\/div>\n\n\n\n<div class=\"wp-block-column membership-content is-layout-flow wp-block-column-is-layout-flow\">\n<h3 class=\"membership-head wp-block-heading\">Company<\/h3>\n\n\n\n<p>Benefits:<\/p>\n\n\n\n<ul class=\"wp-block-list\"><li>Erstelle Deine eigene Werbeseite kostenfrei in nur 5 min.<\/li><li>Hol Dir Top-Bewertungen der Mitglieder<\/li><li>Vermiete Trainingsfl\u00e4chen, Sportpl\u00e4tze oder Deine PT-Stunden<\/li><li>Ein eigenes Postfach gratis<\/li><\/ul>\n\n\n\n<div class=\"wp-block-buttons membership-btn is-layout-flex wp-block-buttons-is-layout-flex\">\n<div class=\"wp-block-button is-style-fill\"><a class=\"wp-block-button__link no-border-radius\" href=\"\/de\/social\/Registration_company\">Registrieren!<\/a><\/div>\n<\/div>\n<\/div>\n<\/div>\n","protected":false},"excerpt":{"rendered":"<p>Premium Benefits: Gratis Sportveranstaltungen und Kurse von Profis Erstelle Dein eigenes Profil und finde Gleichgesinnte Professionelle Videos von Workouts Teile Deine Lieblings-Workouts Ein eigenesPostfach gratis Finde Sportpartner Buche Trainingsfl\u00e4chen, Trainingspl\u00e4tzeoder Trainer Trainer Benefits: Kontaktiere Profis Veranstalte Sportkurse Ein eigenes Postfach gratis BucheTrainingsfl\u00e4chen, Trainingspl\u00e4tzeoder Trainer Company Benefits: Erstelle Deine eigene Werbeseite kostenfrei in nur 5 min. [&hellip;]<\/p>\n","protected":false},"author":1,"featured_media":0,"parent":0,"menu_order":0,"comment_status":"closed","ping_status":"closed","template":"home.php","meta":{"footnotes":""},"class_list":["post-5","page","type-page","status-publish","hentry"],"_links":{"self":[{"href":"https:\/\/joinenjoy.net\/de\/wp-json\/wp\/v2\/pages\/5","targetHints":{"allow":["GET"]}}],"collection":[{"href":"https:\/\/joinenjoy.net\/de\/wp-json\/wp\/v2\/pages"}],"about":[{"href":"https:\/\/joinenjoy.net\/de\/wp-json\/wp\/v2\/types\/page"}],"author":[{"embeddable":true,"href":"https:\/\/joinenjoy.net\/de\/wp-json\/wp\/v2\/users\/1"}],"replies":[{"embeddable":true,"href":"https:\/\/joinenjoy.net\/de\/wp-json\/wp\/v2\/comments?post=5"}],"version-history":[{"count":20,"href":"https:\/\/joinenjoy.net\/de\/wp-json\/wp\/v2\/pages\/5\/revisions"}],"predecessor-version":[{"id":689,"href":"https:\/\/joinenjoy.net\/de\/wp-json\/wp\/v2\/pages\/5\/revisions\/689"}],"wp:attachment":[{"href":"https:\/\/joinenjoy.net\/de\/wp-json\/wp\/v2\/media?parent=5"}],"curies":[{"name":"wp","href":"https:\/\/api.w.org\/{rel}","templated":true}]}}