{"id":456,"date":"2021-11-19T08:28:55","date_gmt":"2021-11-19T08:28:55","guid":{"rendered":"https:\/\/joinenjoy.net\/de\/?page_id=456"},"modified":"2022-04-04T12:11:49","modified_gmt":"2022-04-04T12:11:49","slug":"agb","status":"publish","type":"page","link":"https:\/\/joinenjoy.net\/de\/agb\/","title":{"rendered":"AGB"},"content":{"rendered":"\n<div style=\"height:50px\" aria-hidden=\"true\" class=\"wp-block-spacer\"><\/div>\n\n\n\n<h2 class=\"head-privacy-term wp-block-heading\"><strong>Allgemeine Gesch\u00e4ftsbedingungen f\u00fcr das Produkt- und Dienstleistungsangebot von JOINENJOY.NET<\/strong> <strong>auf <\/strong>https:\/\/joinenjoy.net\/de<\/h2>\n\n\n\n<p>Lesen Sie die folgenden AGB sorgf\u00e4ltig durch, bevor Sie Leistungen von uns,&nbsp;<a href=\"https:\/\/joinenjoy.net\/de\">https:\/\/joinenjoy.net\/de<\/a><\/p>\n\n\n\n<p>in Anspruch nehmen. Sie stellen unsere allgemeinen Gesch\u00e4ftsbedingungen (AGB) hinsichtlich der Nutzung unseres Onlineportals dar, sowie die darin angebotenen Dienstleistungen, Funktionen, Inhalte und Anwendungen.<\/p>\n\n\n\n<h3 class=\"head-privacy-term wp-block-heading\"><strong>Es gelten die Richtlinien der DSGVO!<\/strong><\/h3>\n\n\n\n<ul class=\"terms-list wp-block-list\"><li>Die JOINENJOY.NET betreibt ein interaktives Online-Angebot mit dem Ziel sport- und gesundheitsbewusste Personen, Personal Trainern und Firmen in den Bereichen Ern\u00e4hrung, Gesundheit, Fitness, Sport und Wellness, zu vernetzen und f\u00fcr diese, neue M\u00f6glichkeiten zu schaffen.<\/li><li>Der Betriebsstart des interaktiven Online-Angebots war Anfang April 2015. Der volle Funktionsumfang ist gegeben.Ein Auftreten von Fehlern und Problemenkann noch bis Ende Juni auftreten.<\/li><li>Um das volle Produkt- und Dienstleistungsspektrum auf <a href=\"https:\/\/joinenjoy.net\/de\/\">https:\/\/joinenjoy.net\/de\/<\/a>&nbsp;nutzen zu k\u00f6nnen, bedarf es einer einmaligen Registrierung (siehe Punkt IV. Registrierung und Anmeldung dieser Allgemeinen Gesch\u00e4ftsbedingungen).<\/li><li>Das Zielder JOINENJOY.NET ist es Spa\u00df am Sport zu vermitteln und einen positiven Beitrag zur Gesundheit der Menschen zu leisten.<\/li><li>Ihre Gesundheit ist uns sehr wichtig: Konsultieren Sie immer einen Arzt bzgl. Ihres sportlichen Verhaltens und Ihrer Gesundheit. Die JOINENJOY.NET stellt keinesfalls einen Ersatz f\u00fcr einen Arzt dar und \u00fcbernimmt keine Verantwortung f\u00fcr Ihr Handeln. Zudem stellen s\u00e4mtliche Inhalte auf <a href=\"https:\/\/joinenjoy.net\/de\/\">https:\/\/joinenjoy.net\/de\/<\/a> (egal ob von der JOINENJOY.NET, Partnern oder Nutzern zur Verf\u00fcgung gestellt) keine Hilfe oder Alternative zu Informationen eines Arztes oder Apothekers dar. Mit der Registrierung als Mitglied stimmen Sie den AGB zu und best\u00e4tigen, dass Sie als Nutzer ausschlie\u00dflich und alleine f\u00fcr Ihre Gesundheit verantwortlich sind.<\/li><\/ul>\n\n\n\n<h3 class=\"head-privacy-term wp-block-heading\">Geltung der Allgemeinen Gesch\u00e4ftsbedingungen<\/h3>\n\n\n\n<ul class=\"terms-list wp-block-list\"><li>DieJOINENJOY.NET bietet das interaktive Online-Angebot auf Basis dieser Allgemeinen Gesch\u00e4ftsbedingungen an. Mit der Registrierung bei&nbsp;<a href=\"https:\/\/joinenjoy.net\/de\/\">https:\/\/joinenjoy.net\/de\/<\/a>&nbsp;(.at, .de, .ch) erkl\u00e4rt sich der Nutzer mit der Geltung der Allgemeinen Gesch\u00e4ftsbedingungen der JOINENJOY.NET einverstanden.<\/li><li>Die Registrierung sowie die Nutzung des vollen Produkt- und Dienstleistungsspektrums, ist ohne explizite Zustimmung zu diesen Allgemeinen Gesch\u00e4ftsbedingungen nicht m\u00f6glich.<\/li><li>Diese Allgemeinen Gesch\u00e4ftsbedingungen gelten f\u00fcr s\u00e4mtliche Zugangspunkte (Sub-Domains, mobiler Zugang) zum <a href=\"https:\/\/joinenjoy.net\/de\/\">https:\/\/joinenjoy.net\/de\/<\/a> Produkt- und Dienstleistungsangebot. Insbesondere ist das <a href=\"https:\/\/joinenjoy.net\/de\/\">https:\/\/joinenjoy.net\/de\/<\/a> Online Angebot unter folgenden Domains erreichbar: joinenjoy-tv.net, joinenjoy-tv.at, joinenjoy.de, joinenjoy.ch.<\/li><li>Diese Allgemeinen Gesch\u00e4ftsbedingungen, in der aktuell g\u00fcltigen Fassung vom 10.05.2015, gelten bis auf Widerruf. Die JOINENJOY.NET beh\u00e4lt sich das Recht vor, die Allgemeinen Gesch\u00e4ftsbedingungen jederzeit zu \u00e4ndern. Nach einer solchen \u00c4nderung ist f\u00fcr die weitere Nutzung des Angebotes auf <a href=\"https:\/\/joinenjoy.net\/de\/\">https:\/\/joinenjoy.net\/de\/<\/a> durch einen registrierten Nutzer die nochmalige Zustimmung erforderlich. Die jeweils aktuelle Fassung der Allgemeinen Gesch\u00e4ftsbedingungen ist auf der Website unter <a href=\"https:\/\/joinenjoy.net\/de\/\">https:\/\/joinenjoy.net\/de\/<\/a> abrufbar.<\/li><\/ul>\n\n\n\n<h3 class=\"head-privacy-term wp-block-heading\">Vertragsgegenstand<\/h3>\n\n\n\n<p>Die JOINENJOY.NET bietet aktuell im Wesentlichen seinen Nutzern die folgenden Anwendungen bzw. Informationen in mehreren Sprachen auf https:\/\/joinenjoy.net\/de\/ an:<\/p>\n\n\n\n<ul class=\"terms-list wp-block-list\"><li>Internetplattform, Bezeichnung: https:\/\/joinenjoy.net\/de\/ Sportlich Soziales Netzwerk<\/li><li>Pers\u00f6nliche Profilseite (Bezeichnung: Mein Konto) mit personenbezogenen Daten<\/li><li>Sporttagebuch mit der \u00fcbersichtlichen Darstellung der eigenen sportlichen Aktivit\u00e4ten<\/li><li>Statistiken, Auswertung, Activity Level (Bronze, Silber, Gold)<\/li><li>Nachrichtensystem, zum Austausch von pers\u00f6nlichen Nachrichten mittels Email und Chat zwischen Mitgliedern die Online sind<\/li><li>Events: Hier werden von den Nutzern und\/oder von der JOINENJOY.NET eingestellte Events dargestellt bzw. verwaltet<\/li><li>Strecken: Hier werden von den Mitgliedern eingestellte Sportstrecken dargestellt bzw. verwaltet<\/li><li>Ern\u00e4hrung: Kochrezepte, Tipps zur Ern\u00e4hrung und eine Kalorientabelle werden dargestellt und Kalorien k\u00f6nnen vom t\u00e4glichen Bedarf abgezogen und im eigenen Profil dokumentiert werden<\/li><li>Gesundheits- und Fitness-Tipps<\/li><li>Inhalte (Texte, Bilder, Videos) zu Gesundheit, Ern\u00e4hrung, Fitness und Sport werden von der JOINENJOY.NET zur Verf\u00fcgung gestellt.<\/li><li>Statusmeldungen<\/li><\/ul>\n\n\n\n<h3 class=\"head-privacy-term wp-block-heading\">Registrierung<\/h3>\n\n\n\n<ul class=\"terms-list wp-block-list\"><li>Um das Online-Angebot von https:\/\/joinenjoy.net\/de\/ nutzen zu k\u00f6nnen, bedarf es einer einmaligen kostenlosen Registrierung. Bei https:\/\/joinenjoy.net\/de\/ gibt es f\u00fcr registrierte Nutzer 3Nutzungsvarianten:<ol><li>PREMIUM, TRAINER und COMPANY Mitgliedschaften, bei der die Nutzer umfangreiche Funktionen nutzen k\u00f6nnen.<\/li><\/ol><\/li><li>Nur unbeschr\u00e4nkt gesch\u00e4ftsf\u00e4hige Personen sind zur Registrierung bei https:\/\/joinenjoy.net\/de\/ zugelassen. Minderj\u00e4hrige d\u00fcrfen sich nur mit ausdr\u00fccklicher Erlaubnis ihrer Eltern oder Erziehungsberechtigten bei https:\/\/joinenjoy.net\/de registrieren. Eine schriftliche Einverst\u00e4ndniserkl\u00e4rung ist per Mail an&nbsp;<a href=\"mailto:info@joinenjoy.net\">info@joinenjoy.net<\/a>&nbsp;zu senden.<\/li><li>Mit der Registrierung best\u00e4tigt der Nutzer die Kenntnis und die vollinhaltliche Anerkennung dieser Allgemeinen Gesch\u00e4ftsbedingungen.<\/li><li>Grunds\u00e4tzlich gibt es nur eine M\u00f6glichkeit der Registrierung:<\/li><li>Registrierung mit Anmeldeformular<\/li><li>Die Registrierung bei&nbsp;https:\/\/joinenjoy.net\/de\/&nbsp;beginnt mit einem Formular. Der Nutzer hat die dort abgefragten Daten (z.B. Vorname, Nachname, Geburtstag) vollst\u00e4ndig und korrekt anzugeben, soweit diese nicht als freiwillige Angaben gekennzeichnet sind. Die Registrierung ist nur mit dem b\u00fcrgerlichen Namen (also keine Phantasienamen oder Pseudonyme) m\u00f6glich.<\/li><li>Nach erfolgreicher Registrierung kann sich der Nutzer durch Eingabe der E-Mail-Adresse sowie des gew\u00e4hlten Passwortes bei&nbsp;https:\/\/joinenjoy.net\/de\/&nbsp;einloggen.<\/li><li>Die JOINENJOY.NET beh\u00e4lt sich das Recht vor Nutzer ohne Angabe von Gr\u00fcnden abzulehnen. Die \u00fcbermittelten Daten werden in diesem Fall unverz\u00fcglich gel\u00f6scht.<\/li><li>Die JOINENJOY.NET \u00fcbernimmt keine Gew\u00e4hr \u00fcber die tats\u00e4chliche Identit\u00e4t des Nutzers, da die Identifikation von Personen im Internet nur teilweise m\u00f6glich ist. Jeder Nutzer hat sich selbst von der Identit\u00e4t eines anderen Nutzers zu \u00fcberzeugen, bevor er mit diesem in eine wie auch immer geartete Interaktion tritt (z.B. als Freund hinzuf\u00fcgen, Chat-Nachrichten schreiben).<\/li><\/ul>\n\n\n\n<h3 class=\"head-privacy-term wp-block-heading\">Widerrufsbelehrung f\u00fcr Verbraucher<\/h3>\n\n\n\n<p>Sie k\u00f6nnen von der Registrierung innerhalb von 14 Werktagen, wobei der Samstag als Werktag z\u00e4hlt, ohne Angabe von Gr\u00fcnden in Textform (z. B. E-Mail) zur\u00fccktreten. Die Frist beginnt bei Mitgliedschaft ab Registrierung. Der Widerruf ist zu richten an: Email: info@joinenjoy.net<\/p>\n\n\n\n<h3 class=\"head-privacy-term wp-block-heading\">Beendigung der Nutzung bzw. Ausschluss<\/h3>\n\n\n\n<ul class=\"terms-list wp-block-list\"><li>Der Nutzer ist berechtigt, die Nutzung des Online-Angebotes auf&nbsp;https:\/\/joinenjoy.net\/de\/&nbsp;jederzeit zu beenden. Die gew\u00fcnschte Beendigung muss durch den Nutzer via E-Mail von seiner, im Profil gespeicherten E-Mail-Adresse an&nbsp;<a href=\"mailto:info@joinenjoy.net\">info@joinenjoy.net<\/a>&nbsp;beantragt werden. Die Beendigung der Nutzung muss einmalig best\u00e4tigt werden.<\/li><li>Des Weiteren beh\u00e4lt sich die JOINENJOY.NET das Recht zum Ausschluss aus dem https:\/\/joinenjoy.net\/de\/ Netzwerk aus wichtigem Grund (z.B. bei groben Verst\u00f6\u00dfen gegen die Nutzerpflichten und Konsequenzen bei Verst\u00f6\u00dfen gegen die Pflichten durch den Nutzer dieser Allgemeinen Gesch\u00e4ftsbedingungen) vor.<\/li><li>Bei der Beendigung der Nutzung bzw. beim Ausschluss aus dem&nbsp;https:\/\/joinenjoy.net\/de\/&nbsp;Netzwerk werden s\u00e4mtliche personenbezogenen Daten (Benutzerkonto), die der Nutzer bei der Registrierung angegeben hat, deaktiviert. Jene Daten, die der Nutzer \u00f6ffentlich gemacht hat (z.B. Strecken, \u00dcbungen, gepostete Daten) werden bei Beendigung der Nutzung anonymisiert dargestellt, d.h. es wird kenntlich gemacht, dass dieser Inhalt von einem gel\u00f6schten Nutzer stammt bzw. gegebenenfalls bei einem Ausschluss gel\u00f6scht.<\/li><li>Im Fall der Beendigung der Nutzung des Angebotes auf&nbsp;https:\/\/joinenjoy.net\/de\/&nbsp;werden auf Wunsch des Nutzers s\u00e4mtliche zu ihm gespeicherten personenbezogenen Daten endg\u00fcltig gel\u00f6scht. Dazu bedarf es eines Mails mit der Bitte um endg\u00fcltige L\u00f6schung an&nbsp;<a href=\"mailto:info@joinenjoy.net\">info@joinenjoy.net<\/a>&nbsp;mit der bei der JOINENJOY.NET angegebenen E-Mail-Adresse.<\/li><\/ul>\n\n\n\n<h3 class=\"head-privacy-term wp-block-heading\">Pflichten und Verhalten des Nutzers<\/h3>\n\n\n\n<ul class=\"terms-list wp-block-list\"><li>Der Nutzer des Angebots auf <a href=\"https:\/\/joinenjoy.net\/de\/\">https:\/\/joinenjoy.net\/de\/<\/a> verpflichtet sich<\/li><li>Seine Registrierungsdaten wahrheitsgetreu anzugeben und aktuell zu halten sowie diese keinen Dritten weiterzugeben.<\/li><li>Nur Inhalte (Fotos, Bilder, Text, Darstellungen, \u2026) zu speichern, zu ver\u00f6ffentlichen, zu \u00fcbermitteln und zu verbreiten, zu deren Weitergabe er autorisiert ist, d.h. die ausschlie\u00dflichen Nutzungsrechte besitzt bzw. falls der Nutzer nicht selbst Inhaber der Rechte an einem von ihm eingestellten Inhalt ist, so garantiert er gegen\u00fcber der JOINENJOY.NET, dass er alle erforderlichen Rechte, Lizenzen, Einwilligungen oder dergleichen wirksam eingeholt hat. Dies gilt auch f\u00fcr urheberrechtliche gesch\u00fctzte Inhalte wie Firmen- und Markenzeichen. Die Verantwortung f\u00fcr diese Inhalte liegt ausschlie\u00dflich beim Nutzer.<\/li><li>Insbesondere ist es verboten rassistische, beleidigende, diskriminierende, verleumderische, sexuelle, gewaltverherrlichende oder sonstige rechtswidrige Inhalte zu speichern, zu ver\u00f6ffentlichen, zu \u00fcbermitteln und zu verbreiten.<\/li><li>Keine Kettenbriefe oder Nachrichten an mehrere Personen gleichzeitig zu versenden (Spam).<\/li><li>Keine st\u00f6rende Eingriffe mit technischen oder elektronischen Hilfsmitteln in das&nbsp;<a href=\"https:\/\/joinenjoy.net\/de\/\">https:\/\/joinenjoy.net\/de\/<\/a>&nbsp;-Netzwerk zu unternehmen, insbesondere Hacking-Versuche, Brute-Force-Attacken, Einschleusen von Viren\/W\u00fcrmern\/Trojaner und sonstige St\u00f6rungsversuche, die die Soft- und Hardware von&nbsp;<a href=\"https:\/\/joinenjoy.net\/de\/\">https:\/\/joinenjoy.net\/de\/<\/a>&nbsp;betreffen.<\/li><li>Zug\u00e4ngliche Daten nicht ohne ausdr\u00fcckliche Zustimmung des jeweiligen Rechteinhabers zu kopieren, zu verbreiten und zu \u00fcbermitteln oder diese mit technischen Hilfsmitteln (z.B. Crawler oder Bots) auszulesen.<\/li><li>Der Nutzer des Online Angebots auf&nbsp; <a href=\"https:\/\/joinenjoy.net\/de\/\">https:\/\/joinenjoy.net\/de\/<\/a> ist angehalten,<\/li><li>Entdeckte Verletzungen gegen\u00fcber den oben angef\u00fchrten Pflichten unverz\u00fcglich per Mail an <a href=\"mailto:info@joinenjoy.net\">info@joinenjoy.net<\/a> zu melden.<\/li><li>Sorgsam mit den pers\u00f6nlichen Daten umzugehen und nur jene Personen Zugriff auf die eigenen Daten zu gew\u00e4hren, zu denen bereits ein Naheverh\u00e4ltnis besteht.<\/li><li>Wichtige pers\u00f6nliche Daten selbst extern (Speichermedien, Festplatte, Cloud) regelm\u00e4\u00dfig zu sichern. Die JOINENJOY.NET \u00fcbernimmt keine Gew\u00e4hr f\u00fcr verloren gegangene oder besch\u00e4digte Daten.<\/li><\/ul>\n\n\n\n<h3 class=\"head-privacy-term wp-block-heading\">Sanktionen bzw. Konsequenzen bei Verst\u00f6\u00dfen gegen die Pflichten durch den Nutzer<\/h3>\n\n\n\n<ul class=\"terms-list wp-block-list\"><li>Die JOINENJOY.NET wird die folgenden Sanktionen bzw. Konsequenzen bei Verst\u00f6\u00dfen gegen die Pflichten durch den Nutzer durchf\u00fchren bzw. veranlassen, um eine ordnungsgem\u00e4\u00dfe, seri\u00f6se Erbringung der Leistungen sicherzustellen.<\/li><li>Die Wahl der Sanktion h\u00e4ngt von der Absicht, Schwere bzw. Art und Weise des Vergehens unter Wahrung der beiderseitigen Interessen ab. Folgende Sanktionen sind grunds\u00e4tzlich denkbar:<\/li><li>Verwarnung<\/li><li>L\u00f6schen von Inhalten<\/li><li>Tempor\u00e4re Sperre des Users<\/li><li>Ausschluss (endg\u00fcltige Sperre)<\/li><li>Bei einem Ausschluss aus dem&nbsp;<a href=\"https:\/\/joinenjoy.net\/de\/\">https:\/\/joinenjoy.net\/de\/<\/a>&nbsp;Netzwerk darf sich ein Nutzer nicht erneut bei&nbsp;<a href=\"https:\/\/joinenjoy.net\/de\/\">https:\/\/joinenjoy.net\/de\/<\/a>(.at, .de, .ch) registrieren.<\/li><\/ul>\n\n\n\n<ul class=\"terms-list wp-block-list\"><li>Von Nutzern kreierte Inhalte bzw. Rechte an diesen Inhalten9.1. Die JOINENJOY.NET gestattet seinen registrierten Nutzern das angebotene Produkt- und Dienstleistungsportfolio im Einklang mit den gesetzlichen Bestimmungen und den Bestimmungen dieser Allgemeinen Gesch\u00e4ftsbedingungen zu nutzen, um Inhalte hochzuladen, zu speichern, zu ver\u00f6ffentlichen, zu verbreiten, zu \u00fcbermitteln und mit anderen Nutzern zu teilen.<\/li><li>Der Nutzer stimmt zu, dass er durch automatische Auswertung seines Nutzungsverhaltens m\u00f6glicherweise mit auf ihn zugeschnittenen Angeboten und\/oder Werbebotschaften konfrontiert wird.<\/li><\/ul>\n\n\n\n<ul class=\"terms-list wp-block-list\"><li>Der Nutzer erkl\u00e4rt sich damit einverstanden, dass auch im Umfeld der kreierten Inhalte Werbung stattfinden kann, die von der JOINENJOY.NET vermarktet wird.hich is marketed by JOINENJOY.NET.<\/li><li>Die JOINENJOY.NET ist berechtigt, Inhalte zu speichern und an Dritte weiterzugeben, soweit dies gesetzlich vorgeschrieben oder nach pflichtgem\u00e4\u00dfem Ermessen notwendig und rechtlich zul\u00e4ssig ist, um<br>  1) gesetzliche Bestimmungen oder richterliche oder beh\u00f6rdliche Anordnungen zu erf\u00fcllen;<br>  2) die Einhaltung dieser Allgemeinen Gesch\u00e4ftsbedingungen zu gew\u00e4hrleisten;<br>  3) auf die Geltendmachung einer Rechtsverletzung durch Dritte zu reagieren; oder<br>  4) die Rechte, das Eigentum oder die pers\u00f6nliche Sicherheit von der JOINENJOY.NET, seinen Nutzern oder der \u00d6ffentlichkeit zu wahren.<\/li><li>Der Nutzer r\u00e4umt der JOINENJOY.NET an allen von ihm generierten, \u00fcbermittelten, gespeicherten und ver\u00f6ffentlichten Inhalten ein unwiderrufliches, unentgeltliches, nicht ausschlie\u00dfliches, aber uneingeschr\u00e4nktes Nutzungsrecht ein. Die JOINENJOY.NET ist daher berechtigt, s\u00e4mtliche Inhalte unabh\u00e4ngig von der Nutzungsart im Rahmen des Angebots auf https:\/\/joinenjoy.net\/de\/ als auch im Rahmen einer sonstigen Aktivit\u00e4t von der JOINENJOY.NET oder einem mit der JOINENJOY.NET verbundenen Unternehmen zu verwenden. Davon umfasst ist auch das Recht der Ver\u00e4nderung und Bearbeitung, sofern nicht dadurch berechtigte Interessen des Nutzers beeintr\u00e4chtigt werden. Der Nutzer r\u00e4umt der JOINENJOY.NET in diesem Zusammenhang Urheberpers\u00f6nlichkeitsrechte ein. Die JOINENJOY.NET beansprucht keine Inhaberschaft an kreierten Inhalten bzw. wird auf&nbsp;<a href=\"https:\/\/joinenjoy.net\/de\/\">https:\/\/joinenjoy.net\/de\/<\/a>&nbsp;keine Aufsichtsfunktion bez\u00fcglich der von Nutzern kreierten Inhalte wahrnehmen<\/li><li>Die JOINENJOY.NET beh\u00e4lt sich das Recht vor, von Nutzern kreierte Inhalte wie beispielsweise Strecken, Events oder Kommentare ohne Angabe von Gr\u00fcnden zu l\u00f6schen. In diesem Fall wird der Nutzer dar\u00fcber informiert und gegebenenfalls bei einem Versto\u00df gegen die diese Allgemeinen Gesch\u00e4ftsbedingungen belangt.<\/li><li>Die JOINENJOY.NET \u00fcbernimmt keine Gew\u00e4hr f\u00fcr falsch kreierte Inhalte der Nutzer (z.B. Streckendatenangaben, Angaben zu Events, \u2026).<\/li><\/ul>\n\n\n\n<h3 class=\"head-privacy-term wp-block-heading\">Gew\u00e4hrleistungsausschluss und Haftung<\/h3>\n\n\n\n<ul class=\"terms-list wp-block-list\"><li>Die JOINENJOY.NET \u00fcbernimmt keine Gew\u00e4hr, dass das Online-Angebot auf&nbsp;<a href=\"https:\/\/joinenjoy.net\/de\/\">https:\/\/joinenjoy.net\/de\/<\/a>&nbsp;st\u00e4ndig, vollst\u00e4ndig und fehlerfrei verf\u00fcgbar ist bzw. die erforderliche Soft- und Hardware fehlerfrei arbeitet.<\/li><li>Die JOINENJOY.NET \u00fcbernimmt keine Gew\u00e4hr, dass der Datentransport \u00fcber fremde Systeme, insbesondere das Internet bzw. Telekommunikationsnetze nicht von Dritten verfolgt, aufgezeichnet oder verf\u00e4lscht wird.<\/li><li>Die Nutzung des Angebotes von&nbsp;<a href=\"https:\/\/joinenjoy.net\/de\/\">https:\/\/joinenjoy.net\/de\/<\/a> durch den Nutzer erfolgt ausschlie\u00dflich auf eigene Gefahr des Nutzers. Dies gilt uneingeschr\u00e4nkt f\u00fcr<\/li><li>das Downloaden eigener und fremder Inhalte durch den Nutzer; sowie<\/li><li>jegliche Verwertung durch den Nutzer von durch die JOINENJOY.NET erstellten oder von der JOINENJOY.NET bereitgestellten Daten, einschlie\u00dflich, aber nicht beschr\u00e4nkt auf, gemessene Pulswerte oder H\u00f6henmeter, oder Handlungsempfehlungen (z.B. Fitnesspl\u00e4ne und \u00e4hnliche Trainingspl\u00e4ne). Der Nutzer nimmt ausdr\u00fccklich zur Kenntnis, dass solche Daten fehlerhaft sein k\u00f6nnen und die JOINENJOY.NET \u00fcbernimmt, soweit gesetzlich zul\u00e4ssig, keinerlei Verantwortung f\u00fcr die Richtigkeit solcher Daten.<\/li><li>Die Nutzung jeglicher Software oder Hardware von&nbsp;<a href=\"https:\/\/joinenjoy.net\/de\/\">https:\/\/joinenjoy.net\/de\/<\/a>&nbsp;durch den Nutzer ersetzt nicht die Konsultation durch den Nutzer eines spezialisierten Arztes.<\/li><li>Weiters leistet die JOINENJOY.NET keine Gew\u00e4hr f\u00fcr externe Links, Banner oder sonstige Informations- und Werbeangebote, die f\u00fcr den Nutzer platziert werden k\u00f6nnen. Rechtsgesch\u00e4fte, die zwischen dem Nutzer und einem Drittanbieter zustande kommen (z.B. \u00fcber verlinkte Seiten oder Banner), f\u00fchren zu vertraglichen Beziehungen ausschlie\u00dflich zwischen dem Nutzer und dem Drittanbieter. Die JOINENJOY.NET \u00fcbernimmt keine Gew\u00e4hr f\u00fcr die Leistungen von Drittanbietern.<\/li><\/ul>\n\n\n\n<h3 class=\"head-privacy-term wp-block-heading\">Haftung<\/h3>\n\n\n\n<ul class=\"terms-list wp-block-list\"><li>&nbsp;Die JOINENJOY.NET haftet im Rahmen der bestehenden gesetzlichen Bestimmungen, gleich aus welchem Rechtsgrund (vorvertraglich, vertraglich, au\u00dfervertraglich) nur, wenn ein Schaden durch die JOINENJOY.NET grob fahrl\u00e4ssig oder vors\u00e4tzlich verursacht wurde.<\/li><li>Hinsichtlich der Verletzung von Leben, K\u00f6rper, Gesundheit haftet die JOINENJOY.NET auch bei einer fahrl\u00e4ssigen Pflichtverletzung.<\/li><li>Bei Fahrl\u00e4ssigkeit haftet die JOINENJOY.NET gegen\u00fcber Unternehmen nicht. Eine Haftung von der JOINENJOY.NETgegen\u00fcber Unternehmen f\u00fcr Folgesch\u00e4den, blo\u00dfe Verm\u00f6genssch\u00e4den, entgangenen Gewinn, Sch\u00e4den aus Anspr\u00fcchen Dritter ist ausgeschlossen.<\/li><li>Mit Ausnahme der gesetzlich vorgeschriebenen F\u00e4lle haften weder die JOINENJOY.NET noch die mit der JOINENJOY.NET gesch\u00e4ftlich verbundenen Unternehmen f\u00fcr Sch\u00e4den, die aus der Nutzung von \u00fcber das Online- Angebot zug\u00e4nglich gemachten Inhalten oder anderen Arten der Nutzung des Online-Angebotes entstehen k\u00f6nnen. Dies gilt auch f\u00fcr Sch\u00e4den, die durch Fehler, Probleme, Viren oder Datenverluste entstehen k\u00f6nnen.<\/li><\/ul>\n\n\n\n<h3 class=\"head-privacy-term wp-block-heading\">Datenschutz<\/h3>\n\n\n\n<ul class=\"terms-list wp-block-list\"><li>Die Daten der Nutzer von&nbsp;<a href=\"https:\/\/joinenjoy.net\/de\/\">https:\/\/joinenjoy.net\/de\/<\/a>&nbsp;werden von der JOINENJOY.NET absolut vertraulich behandelt und nicht an andere Nutzer manuell weitergegeben.<\/li><li>Die JOINENJOY.NET \u00fcbernimmt keine Haftung f\u00fcr unvollst\u00e4ndige Daten von Nutzern.<\/li><li>Es erfolgt keine aktive Weitergabe von Nutzerdaten an Dritte, au\u00dfer der Nutzer gibt die Daten selbst durch die Nutzung des Netzwerks auf&nbsp;<a href=\"https:\/\/joinenjoy.net\/de\/\">https:\/\/joinenjoy.net\/de\/<\/a>&nbsp;weiter.<\/li><\/ul>\n\n\n\n<h3 class=\"head-privacy-term wp-block-heading\">Sonstige Bestimmungen<\/h3>\n\n\n\n<ul class=\"terms-list wp-block-list\"><li>\u00c4nderung der Allgemeinen Gesch\u00e4ftsbedingungen<\/li><li>\u00c4nderungen dieser Allgemeinen Gesch\u00e4ftsbedingungen bed\u00fcrfen, der Zustimmung des Nutzers. Stimmt der Nutzer den ge\u00e4nderten Allgemeinen Gesch\u00e4ftsbedingungen nicht zu, so kann er das Angebot auf&nbsp;<a href=\"https:\/\/joinenjoy.net\/de\/\">https:\/\/joinenjoy.net\/de\/<\/a> nicht weiter nutzen.<\/li><li>\u00c4nderungen der Vertragsbedingungen bed\u00fcrfen der Schriftform. M\u00fcndliche Nebenabreden bestehen nicht.<\/li><li>Sollten einzelne Bestimmungen dieser Allgemeinen Gesch\u00e4ftsbedingungen ung\u00fcltig sein oder werden, bleiben die \u00fcbrigen Gesch\u00e4ftsbedingungen unber\u00fchrt.<\/li><li>Anwendbares Recht und Gerichtsstand<\/li><li>Diese Allgemeinen Gesch\u00e4ftsbedingungen und die gesamten Rechtsbeziehungen und Streitigkeiten zwischen den Nutzern und der JOINENJOY.NET unterliegen ausschlie\u00dflich deutschem Recht.<\/li><li>Erf\u00fcllungsort und ausschlie\u00dflicher Gerichtsstand f\u00fcr s\u00e4mtliche Streitigkeiten ist Berlin, Deutschland.<\/li><\/ul>\n\n\n\n<div style=\"height:50px\" aria-hidden=\"true\" class=\"wp-block-spacer\"><\/div>\n","protected":false},"excerpt":{"rendered":"<div class=\"container\">\n<div class=\"row banner-title\">\n<div class=\"col-12 col-md-12 col-lg-12 col-xl-12\">\n<h3 class=\"featured-banner-head\"><span>AGB<\/span> <\/h3>\n<\/p><\/div>\n<\/p><\/div>\n<\/div>\n","protected":false},"author":1,"featured_media":167,"parent":0,"menu_order":0,"comment_status":"closed","ping_status":"closed","template":"","meta":{"footnotes":""},"class_list":["post-456","page","type-page","status-publish","has-post-thumbnail","hentry"],"_links":{"self":[{"href":"https:\/\/joinenjoy.net\/de\/wp-json\/wp\/v2\/pages\/456","targetHints":{"allow":["GET"]}}],"collection":[{"href":"https:\/\/joinenjoy.net\/de\/wp-json\/wp\/v2\/pages"}],"about":[{"href":"https:\/\/joinenjoy.net\/de\/wp-json\/wp\/v2\/types\/page"}],"author":[{"embeddable":true,"href":"https:\/\/joinenjoy.net\/de\/wp-json\/wp\/v2\/users\/1"}],"replies":[{"embeddable":true,"href":"https:\/\/joinenjoy.net\/de\/wp-json\/wp\/v2\/comments?post=456"}],"version-history":[{"count":36,"href":"https:\/\/joinenjoy.net\/de\/wp-json\/wp\/v2\/pages\/456\/revisions"}],"predecessor-version":[{"id":781,"href":"https:\/\/joinenjoy.net\/de\/wp-json\/wp\/v2\/pages\/456\/revisions\/781"}],"wp:featuredmedia":[{"embeddable":true,"href":"https:\/\/joinenjoy.net\/de\/wp-json\/wp\/v2\/media\/167"}],"wp:attachment":[{"href":"https:\/\/joinenjoy.net\/de\/wp-json\/wp\/v2\/media?parent=456"}],"curies":[{"name":"wp","href":"https:\/\/api.w.org\/{rel}","templated":true}]}}