{"id":3,"date":"2021-11-12T06:49:58","date_gmt":"2021-11-12T06:49:58","guid":{"rendered":"https:\/\/joinenjoy.net\/de\/?page_id=3"},"modified":"2021-11-20T13:06:50","modified_gmt":"2021-11-20T13:06:50","slug":"datenschutz","status":"publish","type":"page","link":"https:\/\/joinenjoy.net\/de\/datenschutz\/","title":{"rendered":"DATENSCHUTZ"},"content":{"rendered":"\n<div style=\"height:50px\" aria-hidden=\"true\" class=\"wp-block-spacer\"><\/div>\n\n\n\n<h2 class=\"head-privacy-term wp-block-heading\">DATENSCHUTZ<\/h2>\n\n\n\n<p><strong class=\"privacy-policy-tutorial\"><strong><strong>Es gelten die Richtlinien der DSGVO!<\/strong><\/strong><\/strong><\/p>\n\n\n\n<p>Die Betreiber dieser Seiten nehmen den Schutz Ihrer pers\u00f6nlichen Daten sehr ernst. Wir behandeln Ihre personenbezogenen Daten vertraulich und entsprechend den gesetzlichen Datenschutzbestimmungen und dieser Datenschutzerkl\u00e4rung.<\/p>\n\n\n\n<p>Wir behandeln alle Daten unserer Mitglieder vertraulich und diese Daten werden ohne Ihre ausdr\u00fcckliche Zustimmung nicht an Dritte weitergegeben.<\/p>\n\n\n\n<p>Bitte beachten Sie, dass die Daten\u00fcbertragung \u00fcber das Internet (z.B. bei der Kommunikation per E-Mail) Sicherheitsl\u00fccken aufweisen kann. Ein l\u00fcckenloser Schutz der Daten vor dem Zugriff durch Dritte ist nicht m\u00f6glich.<\/p>\n\n\n\n<p><em><strong>Datenschutzerkl\u00e4rung f\u00fcr die Nutzung von Facebook-Plugins (Like-Button):<\/strong><\/em><\/p>\n\n\n\n<p>Auf unseren Seiten sind Plugins des sozialen Netzwerks Facebook, Anbieter Facebook Inc., 1 Hacker Way, Menlo Park, Kalifornien 94025, USA, integriert. Die Facebook-Plugins erkennen Sie an dem Facebook-Logo oder dem \u201eLike-Button\u201c (\u201eGef\u00e4llt mir\u201c) auf unserer Seite. Eine \u00dcbersicht \u00fcber die Facebook-Plugins finden Sie hier: http:\/\/developers.facebook.com\/docs\/plugins\/.<\/p>\n\n\n\n<p>Wenn Sie unsere Seiten besuchen, stellt das Plugin eine direkte Verbindung zwischen Ihrem Browser und dem Facebook-Server her. Facebook erh\u00e4lt die Information, dass Sie unsere Seite mit Ihrer IP-Adresse besucht haben. Wenn Sie den Facebook \u201eLike-Button\u201c anklicken w\u00e4hrend Sie in Ihrem Facebook-Account eingeloggt sind, k\u00f6nnen Sie die Inhalte unserer Seiten auf Ihrem Facebook-Profil verlinken. Dadurch kann Facebook den Besuch unserer Seiten Ihrem Benutzerkonto zuordnen. Wir weisen darauf hin, dass wir als Anbieter der Seiten keine Kenntnis vom Inhalt der \u00fcbermittelten Daten sowie deren Nutzung durch Facebook erhalten. Weitere Informationen finden Sie in der Datenschutzerkl\u00e4rung von Facebook unter http:\/\/en-de.facebook.com\/policy.php.<\/p>\n\n\n\n<p>Wenn Sie nicht w\u00fcnschen, dass Facebook den Besuch unserer Seiten Ihrem Facebook-Nutzerkonto zuordnen kann, loggen Sie sich bitte aus Ihrem Facebook-Benutzerkonto aus.<\/p>\n\n\n\n<p><strong><em>Google Tag Manager<\/em>:<\/strong><\/p>\n\n\n\n<p>Diese Website benutzt Google Tag Manager. Dieser Dienst erm\u00f6glicht die Verwaltung von Website-Tags \u00fcber eine einzige Schnittstelle. Google Tool Manager implementiert nur Tags. Das bedeutet: Es werden keine Cookies verwendet und keine pers\u00f6nlichen Daten gesammelt. Der Google Tool Manager l\u00f6st andere Tags aus, die m\u00f6glicherweise Daten sammeln. Google Tag Manager greift jedoch nicht auf diese Daten zu. Wenn sie auf Dom\u00e4nen- oder Cookie-Ebene deaktiviert ist, bleibt sie f\u00fcr alle Tracking-Tags wirksam, sofern sie mit dem Google Tag Manager implementiert werden.<\/p>\n\n\n\n<p><strong><em>Datenschutzerkl\u00e4rung f\u00fcr die Nutzung von Google Analytics<\/em><\/strong><\/p>\n\n\n\n<p>Diese Website benutzt Funktionen des Webanalysedienstes Google Analytics. Anbieter ist Google Inc., 1600 Amphitheatre Parkway Mountain View, CA 94043, USA.<\/p>\n\n\n\n<p>Google Analytics verwendet sog. \u201eCookies\u201c. Dies sind Textdateien, die auf Ihrem Computer gespeichert werden und die eine Analyse der Benutzung der Website durch Sie erm\u00f6glichen. Die durch den Cookie erzeugten Informationen \u00fcber Ihre Benutzung dieser Website werden in der Regel an einen Server von Google in den USA \u00fcbertragen und dort gespeichert.<\/p>\n\n\n\n<p>Im Falle der Aktivierung der IP-Anonymisierung auf dieser Webseite, wird Ihre IP-Adresse von Google jedoch innerhalb von Mitgliedstaaten der Europ\u00e4ischen Union oder in anderen Vertragsstaaten des Abkommens \u00fcber den Europ\u00e4ischen Wirtschaftsraum zuvor gek\u00fcrzt. Nur in Ausnahmef\u00e4llen wird die volle IP-Adresse an einen Server von Google in den USA \u00fcbertragen und dort gek\u00fcrzt. Im Auftrag des Betreibers dieser Website wird Google diese Informationen benutzen, um Ihre Nutzung der Website auszuwerten, um Reports \u00fcber die Websiteaktivit\u00e4ten zusammenzustellen und um weitere mit der Websitenutzung und der Internetnutzung verbundene Dienstleistungen gegen\u00fcber dem Websitebetreiber zu erbringen. Die im Rahmen von Google Analytics von Google Analytics angebotene IP-Adresse wird nicht mit anderen Daten von Google zusammengef\u00fchrt.<\/p>\n\n\n\n<p>Sie k\u00f6nnen das Speichern von Cookies durch eine entsprechende Einstellung Ihrer Browser-Software verhindern; Beachten Sie jedoch, dass Sie m\u00f6glicherweise nicht alle Funktionen dieser Website in vollem Umfang nutzen k\u00f6nnen, wenn Sie dies tun. Dar\u00fcber hinaus k\u00f6nnen Sie die Erfassung der durch den Cookie erzeugten Daten und Ihrer Nutzung der Website (einschlie\u00dflich Ihrer IP-Adresse) durch Google verhindern sowie die Verarbeitung der Daten durch Google durch Herunterladen des unter http:\/\/www.google.com\/downloads verf\u00fcgbaren Browser-Plugins verhindern den folgenden Link und installieren: http:\/\/tools.google.com\/dlpage\/gaoptout<\/p>\n\n\n\n<p>Sie k\u00f6nnen die Erfassung durch Google Analytics verhindern, indem Sie auf den folgenden Link klicken. Ein Opt-Out-Cookie wird eingerichtet, um die Erfassung Ihrer Informationen bei zuk\u00fcnftigen Besuchen dieser Website zu verhindern: Google Analytics-Datenschutzrichtlinie f\u00fcr die Verwendung von Google +1 deaktivieren Unsere Websites verwenden Funktionen von Google +1. Anbieter ist Google Inc., 1600 Amphitheatre Parkway Mountain View, CA 94043, USA. Sammeln und teilen Sie Informationen: Mit der Google + 1-Schaltfl\u00e4che k\u00f6nnen Sie Informationen weltweit ver\u00f6ffentlichen. Mit der Google + 1-Schaltfl\u00e4che k\u00f6nnen Sie und andere personalisierte Inhalte von Google und unseren Partnern abrufen. Google speichert sowohl die Informationen, die Sie f\u00fcr einen Teil des Inhalts angegeben haben, als auch Informationen zu der Seite, die Sie beim Klicken auf +1 angesehen haben. Ihre +1 k\u00f6nnen zusammen mit Ihrem Profilnamen und Ihrem Foto in Google-Diensten wie in Suchergebnissen oder in Ihrem Google-Profil oder an anderen Stellen auf Websites und Anzeigen im Internet als Anhaltspunkte erscheinen. Google zeichnet Informationen \u00fcber Ihre + 1-Aktivit\u00e4t auf, um die Dienste von Google f\u00fcr Sie und andere zu verbessern. Um die Google + 1-Schaltfl\u00e4che verwenden zu k\u00f6nnen, ben\u00f6tigen Sie ein weltweit sichtbares, \u00f6ffentliches Google-Profil, das mindestens den f\u00fcr das Profil gew\u00e4hlten Namen aufweist. Dieser Name wird in allen Google-Diensten verwendet. In einigen F\u00e4llen kann dieser Name auch einen anderen Namen ersetzen, den Sie beim Teilen von Inhalten \u00fcber Ihr Google-Konto verwendet haben. Die Identit\u00e4t Ihres Google-Profils kann Nutzern angezeigt werden, die Ihre E-Mail-Adresse kennen oder \u00fcber andere identifizierende Informationen von Ihnen verf\u00fcgen. Verwendung der gesammelten Informationen: Zus\u00e4tzlich zu den oben beschriebenen Verwendungszwecken werden die von Ihnen angegebenen Informationen in \u00dcbereinstimmung mit den geltenden Google-Datenschutzrichtlinien verwendet. Google ver\u00f6ffentlicht m\u00f6glicherweise zusammengefasste Statistiken zur + 1-Aktivit\u00e4t der Nutzer oder teilt sie mit Nutzern und Partnern wie Publishern, Werbetreibenden oder Affiliate-Websites.Datenschutzerkl\u00e4rung f\u00fcr die Nutzung von Instagram Funktionen des Dienstes Instagram sind auf unseren Seiten enthalten. Diese Merkmale werden von Instagram Inc., 1601 Willow Road, Menlo Park, CA, 94025, USA, bereitgestellt. Wenn Sie in Ihrem Instagram-Account eingeloggt sind, k\u00f6nnen Sie die Inhalte unserer Seiten mit Ihrem Instagram-Profil verkn\u00fcpfen, indem Sie auf den Instagram-Button klicken. Dadurch kann Instagram den Besuch unserer Seiten Ihrem Benutzerkonto zuordnen. Wir weisen darauf hin, dass wir als Anbieter der Seiten keine Kenntnis vom Inhalt der \u00fcbermittelten Daten sowie deren Nutzung durch Instagram erhalten. Weitere Informationen finden Sie in der Instagram-Datenschutzerkl\u00e4rung: http:\/\/instagram.com\/about\/legal\/privacy\/ Datenschutzbestimmungen f\u00fcr die Nutzung von Twitter Auf unseren Seiten sind Funktionen des Dienstes Twitter enthalten. Diese Merkmale sind \u00fcber Twitter Inc., 1355 Market Street, Suite 900, San Francisco, CA 94103, USA, erh\u00e4ltlich. Durch die Nutzung von Twitter und der Funktion \u201eRe-Tweet\u201c werden die von Ihnen besuchten Webseiten mit Ihrem Twitter-Account verkn\u00fcpft und mit anderen Nutzern geteilt. Diese Daten werden auch an Twitter \u00fcbermittelt. Wir weisen darauf hin, dass wir als Anbieter der Seiten keine Kenntnis vom Inhalt der \u00fcbermittelten Daten sowie deren Nutzung durch Twitter erhalten. Weitere Informationen finden Sie in der Datenschutzerkl\u00e4rung von Twitter unter http:\/\/twitter.com\/privacy.<\/p>\n\n\n\n<p>Sie k\u00f6nnen Ihre Datenschutzeinstellungen auf Twitter in den Kontoeinstellungen unter http:\/\/twitter.com\/account\/settings \u00e4ndern. , Datenschutzerkl\u00e4rung f\u00fcr die Nutzung von YouTube. Unsere Website verwendet Plug-ins von der Google-Website YouTube. Betreiber der Website ist YouTube, LLC, 901 Cherry Avenue, San Bruno, CA 94066, USA. Wenn Sie eine unserer YouTube Plug-in-f\u00e4higen Websites besuchen, werden Sie mit den Servern von YouTube verbunden. Der YouTube-Server wird dar\u00fcber informiert, welche unserer Seiten Sie besucht haben. Wenn Sie in Ihrem YouTube-Konto angemeldet sind, k\u00f6nnen Sie mit YouTube Ihr Browserverhalten direkt mit Ihrem pers\u00f6nlichen Profil verkn\u00fcpfen. Du kannst dies verhindern, indem du dich von deinem YouTube-Konto abmeldest. Weitere Informationen zum Umgang mit Nutzerdaten finden Sie in der Datenschutzerkl\u00e4rung von YouTube unter https:\/\/www.google.com\/intl\/de\/policies\/privacy Cookies Einige Websites verwenden Cookies. Cookies schaden Ihrem Computer nicht und enthalten keine Viren. Cookies dienen dazu, unser Angebot nutzerfreundlicher, effektiver und sicherer zu machen. Cookies sind kleine Textdateien, die auf Ihrem Computer gespeichert und von Ihrem Browser gespeichert werden. Die meisten der von uns verwendeten Cookies sind so genannte \u201eSession-Cookies\u201c. Sie werden nach Ihrem Besuch automatisch gel\u00f6scht. Andere Cookies bleiben auf Ihrem Ger\u00e4t gespeichert, bis Sie sie l\u00f6schen. Diese Cookies erm\u00f6glichen uns, Ihren Browser beim n\u00e4chsten Besuch wiederzuerkennen. Sie k\u00f6nnen Ihren Browser so einstellen, dass Sie \u00fcber das Setzen von Cookies informiert werden und Cookies nur im Einzelfall erlauben, die Annahme von Cookies f\u00fcr bestimmte F\u00e4lle oder generell das automatische L\u00f6schen von Cookies beim Schlie\u00dfen des Browsers ausschlie\u00dfen und aktivieren. Das Deaktivieren von Cookies kann die Funktionalit\u00e4t dieser Website einschr\u00e4nken. Server Log Files Der Anbieter der Seiten erhebt und speichert automatisch Informationen in sogenannten Server Log Files, die Ihr Browser automatisch an uns \u00fcbermittelt. Dies sind: Browsertyp \/ Browserversion verwendetes Betriebssystem Referrer URL Hostname des zugreifenden Rechners Uhrzeit der Serveranfrage Diese Daten k\u00f6nnen nicht bestimmten Personen zugeordnet werden. Eine Zusammenf\u00fchrung dieser Daten mit anderen Datenquellen wird nicht vorgenommen. Wir behalten uns vor, diese Daten nachtr\u00e4glich zu \u00fcberpr\u00fcfen, wenn uns konkrete Anhaltspunkte f\u00fcr eine rechtswidrige Nutzung bekannt werden. Kontaktformular Wenn Sie uns \u00fcber das Kontaktformular Anfragen senden, werden Ihre Angaben aus dem Anfrageformular mit den von Ihnen dort angegebenen Kontaktdaten gespeichert, um die Anfrage und bei Folgefragen zu bearbeiten. Wir geben diese Informationen nicht ohne Ihre Zustimmung weiter.<\/p>\n\n\n\n<div style=\"height:50px\" aria-hidden=\"true\" class=\"wp-block-spacer\"><\/div>\n","protected":false},"excerpt":{"rendered":"<div class=\"container\">\n<div class=\"row banner-title\">\n<div class=\"col-12 col-md-12 col-lg-12 col-xl-12\">\n<h3 class=\"featured-banner-head\"><span>Datenschutz<\/span><\/h3>\n<\/p><\/div>\n<\/p><\/div>\n<\/div>\n","protected":false},"author":1,"featured_media":167,"parent":0,"menu_order":0,"comment_status":"closed","ping_status":"closed","template":"","meta":{"footnotes":""},"class_list":["post-3","page","type-page","status-publish","has-post-thumbnail","hentry"],"_links":{"self":[{"href":"https:\/\/joinenjoy.net\/de\/wp-json\/wp\/v2\/pages\/3","targetHints":{"allow":["GET"]}}],"collection":[{"href":"https:\/\/joinenjoy.net\/de\/wp-json\/wp\/v2\/pages"}],"about":[{"href":"https:\/\/joinenjoy.net\/de\/wp-json\/wp\/v2\/types\/page"}],"author":[{"embeddable":true,"href":"https:\/\/joinenjoy.net\/de\/wp-json\/wp\/v2\/users\/1"}],"replies":[{"embeddable":true,"href":"https:\/\/joinenjoy.net\/de\/wp-json\/wp\/v2\/comments?post=3"}],"version-history":[{"count":11,"href":"https:\/\/joinenjoy.net\/de\/wp-json\/wp\/v2\/pages\/3\/revisions"}],"predecessor-version":[{"id":564,"href":"https:\/\/joinenjoy.net\/de\/wp-json\/wp\/v2\/pages\/3\/revisions\/564"}],"wp:featuredmedia":[{"embeddable":true,"href":"https:\/\/joinenjoy.net\/de\/wp-json\/wp\/v2\/media\/167"}],"wp:attachment":[{"href":"https:\/\/joinenjoy.net\/de\/wp-json\/wp\/v2\/media?parent=3"}],"curies":[{"name":"wp","href":"https:\/\/api.w.org\/{rel}","templated":true}]}}